{"id":723,"date":"2020-02-05T09:15:58","date_gmt":"2020-02-05T13:15:58","guid":{"rendered":"http:\/\/pamgpr.com\/?page_id=723"},"modified":"2021-04-02T12:31:31","modified_gmt":"2021-04-02T16:31:31","slug":"proveedores","status":"publish","type":"page","link":"http:\/\/pamgpr.com\/index.php\/proveedores\/","title":{"rendered":"Proveedores"},"content":{"rendered":"<p>[et_pb_section fb_built=\u00bb1&#8243; _builder_version=\u00bb4.9.2&#8243; use_background_color_gradient=\u00bbon\u00bb background_color_gradient_start=\u00bb#f2f2f2&#8243; background_color_gradient_end=\u00bb#9e9e9e\u00bb background_image=\u00bbhttp:\/\/pamgpr.com\/wp-content\/uploads\/2021\/04\/WhatsApp-Image-2021-03-31-at-3.51.46-PM.jpeg\u00bb background_blend=\u00bbscreen\u00bb hover_enabled=\u00bb0&#8243; background_color=\u00bb#FFFFFF\u00bb sticky_enabled=\u00bb0&#8243;][et_pb_row _builder_version=\u00bb4.2.2&#8243; width=\u00bb100%\u00bb max_width=\u00bb1920px\u00bb][et_pb_column type=\u00bb4_4&#8243; _builder_version=\u00bb4.2.2&#8243;][et_pb_text _builder_version=\u00bb4.4.3&#8243; text_font=\u00bbMontserrat|500|||||||\u00bb text_font_size=\u00bb1.2em\u00bb width=\u00bb80%\u00bb module_alignment=\u00bbcenter\u00bb custom_margin=\u00bb||33px|||\u00bb]<\/p>\n<p style=\"text-align: center;\">Ponce Advance Medical Group cuenta con m\u00e1s de 80 m\u00e9dicos primarios en nuestras l\u00edneas de negocio del Plan de Gobierno y Medicare Advantage.\u00a0\u00a0 El objetivo de PAMG es lograr que nuestra plantilla m\u00e9dica cuente con todas las herramientas necesarias para cumplir con todos los requerimientos y regulaciones de ASES y CMS.\u00a0 Nuestro equipo de trabajo est\u00e1 comprometido con usted y va a trabajar arduamente para satisfacer sus necesidades de cumplimiento y as\u00ed lograr exitosamente los beneficios a\u00f1adidos al cumplir con todos los indicadores de las aseguradoras.<\/p>\n<p style=\"text-align: center;\">Nuestros m\u00e9dicos contar\u00e1n con un email y acceso individualizado en el cual podr\u00e1n acceder a tutoriales, cartas normativas, reportes, noticias entre otros temas de inter\u00e9s para su pr\u00e1ctica.<\/p>\n<p>[\/et_pb_text][et_pb_text _builder_version=\u00bb4.4.3&#8243; text_font=\u00bbMontserrat|600|||||||\u00bb text_font_size=\u00bb2em\u00bb width=\u00bb80%\u00bb module_alignment=\u00bbcenter\u00bb custom_margin=\u00bb||21px|||\u00bb]<\/p>\n<p style=\"text-align: center;\">As\u00ed que no lo piense m\u00e1s y \u00fanase a PAMG<\/p>\n<p>[\/et_pb_text][et_pb_text _builder_version=\u00bb4.4.3&#8243; text_font=\u00bbMontserrat|700|||||||\u00bb text_font_size=\u00bb2em\u00bb width=\u00bb80%\u00bb module_alignment=\u00bbcenter\u00bb]<\/p>\n<p style=\"text-align: center;\">\u00a1Comprometidos <strong>100%<\/strong> con Nuestros M\u00e9dicos y Pacientes!<\/p>\n<p>[\/et_pb_text][et_pb_image src=\u00bbhttp:\/\/pamgpr.com\/wp-content\/uploads\/2019\/11\/PAMG-LOGO.png\u00bb align=\u00bbcenter\u00bb _builder_version=\u00bb4.4.3&#8243; width=\u00bb300px\u00bb custom_margin=\u00bb||27px|||\u00bb][\/et_pb_image][et_pb_text _builder_version=\u00bb4.4.3&#8243; text_font=\u00bbMontserrat|600|||||||\u00bb text_font_size=\u00bb2em\u00bb width=\u00bb80%\u00bb module_alignment=\u00bbcenter\u00bb custom_margin=\u00bb||21px|||\u00bb]<\/p>\n<p style=\"text-align: center;\"><strong>Cont\u00e1ctenos al 787-813-2325<\/strong><\/p>\n<p>[\/et_pb_text][\/et_pb_column][\/et_pb_row][\/et_pb_section][et_pb_section fb_built=\u00bb1&#8243; admin_label=\u00bbFAQ\u00bb _builder_version=\u00bb3.22&#8243; background_color=\u00bb#f1f5f7&#8243; custom_margin=\u00bb|||\u00bb custom_padding=\u00bb47px|0|47px|0px|true|false\u00bb border_radii=\u00bb||15vw||\u00bb][et_pb_row _builder_version=\u00bb3.25&#8243;][et_pb_column type=\u00bb4_4&#8243; _builder_version=\u00bb3.25&#8243; custom_padding=\u00bb|||\u00bb custom_padding__hover=\u00bb|||\u00bb][et_pb_text _builder_version=\u00bb4.2.2&#8243; text_font=\u00bbMontserrat|300|||||||\u00bb text_font_size=\u00bb16px\u00bb text_line_height=\u00bb1.8em\u00bb header_font=\u00bb||||||||\u00bb header_2_font=\u00bbMontserrat|300|||||||\u00bb header_2_font_size=\u00bb40px\u00bb header_2_line_height=\u00bb1.5em\u00bb header_3_font=\u00bbMontserrat|300|||||||\u00bb header_3_font_size=\u00bb30px\u00bb max_width=\u00bb600px\u00bb custom_margin=\u00bb|||\u00bb custom_margin_tablet=\u00bb0px|50px||50px\u00bb custom_margin_last_edited=\u00bboff|desktop\u00bb custom_padding=\u00bb|||\u00bb header_2_font_size_tablet=\u00bb\u00bb header_2_font_size_phone=\u00bb30px\u00bb header_2_font_size_last_edited=\u00bbon|phone\u00bb locked=\u00bboff\u00bb]<\/p>\n<h3>Beneficios para asociados a PAMG<\/h3>\n<p>[\/et_pb_text][et_pb_accordion open_toggle_text_color=\u00bb#ffffff\u00bb open_toggle_background_color=\u00bb#7f7f7f\u00bb closed_toggle_background_color=\u00bb#ffffff\u00bb icon_color=\u00bb#474747&#8243; _builder_version=\u00bb4.4.3&#8243; toggle_font=\u00bbMontserrat|600|||||||\u00bb toggle_font_size=\u00bb20px\u00bb toggle_line_height=\u00bb1.6em\u00bb body_font=\u00bbMontserrat|300|||||||\u00bb body_text_color=\u00bb#ffffff\u00bb body_font_size=\u00bb16px\u00bb body_line_height=\u00bb2em\u00bb animation_style=\u00bbzoom\u00bb animation_direction=\u00bbtop\u00bb animation_intensity_zoom=\u00bb10%\u00bb border_radii=\u00bbon|10px|10px|10px|10px\u00bb border_width_all=\u00bb0px\u00bb][et_pb_accordion_item title=\u00bbPrograma de 5 Estrellas \u00bb open=\u00bbon\u00bb _builder_version=\u00bb4.4.3&#8243;]<\/p>\n<p>Sistema de evaluaci\u00f3n de CMS, donde est\u00e1 midiendo el desempe\u00f1o y la calidad de los Planes de Medicare Advantage de acuerdo con las metas establecidas. CMS busca garantizar que los servicios que reciben los beneficiarios de los planes de Medicare Advantage sean <em>Coordinados<\/em>, <em>Eficientes<\/em> y de <em>Alta Calidad<\/em>.\u00a0 En PAMG nuestros m\u00e9dicos tiene asignado un representante para que junto a su personal de oficina logren las 5 estrellas en su reporte de Calidad.<\/p>\n<p>[\/et_pb_accordion_item][et_pb_accordion_item title=\u00bbReportes Planes  Medicare Advantage y Vital\u00bb _builder_version=\u00bb4.4.3&#8243; open=\u00bboff\u00bb]<\/p>\n<p>El representante trabajar\u00e1 con usted y su personal los reportes enviados por los planes para el cumplimiento de las m\u00e9tricas establecidas por el plan.\u00a0 Cada m\u00e9dico de PAMG tendr\u00e1 acceso a su reporte de desempe\u00f1o, este es un reporte creado por PAMG el cual en una sola hoja esta resumido los indicadores por los cuales las aseguradoras incentivan y\/o penalizan, este le dar\u00e1 una idea en las \u00e1reas a trabajar y cuales ya se han cumplido.<\/p>\n<p>[\/et_pb_accordion_item][et_pb_accordion_item title=\u00bbTutoriales\u00bb _builder_version=\u00bb4.4.3&#8243; open=\u00bboff\u00bb]<\/p>\n<p>Para beneficio de cada m\u00e9dico, tendr\u00e1 acceso a tutoriales de documentaci\u00f3n y codificaci\u00f3n para maximizar la prima de sus pacientes.\u00a0 Estos tutoriales son herramientas adiciones con las que puede contar para su pr\u00e1ctica. \u00a0\u00a0<\/p>\n<p>[\/et_pb_accordion_item][et_pb_accordion_item title=\u00bbCartas Normativas y Documentos\u00bb _builder_version=\u00bb4.4.3&#8243; open=\u00bboff\u00bb]<\/p>\n<p>Podr\u00e1 tener acceso directo a todas las cartas normativa y documentos del Gobierno de PR y de las Aseguradoras. Estas esta identificadas por a\u00f1o para una b\u00fasqueda m\u00e1s r\u00e1pida.<\/p>\n<p>[\/et_pb_accordion_item][et_pb_accordion_item title=\u00bbNoticias de Inter\u00e9s\u00bb _builder_version=\u00bb4.4.3&#8243; open=\u00bboff\u00bb]<\/p>\n<p>Se postear\u00e1n noticias relevantes de salud y a la pr\u00e1ctica m\u00e9dica.<\/p>\n<p>[\/et_pb_accordion_item][et_pb_accordion_item title=\u00bbEncuesta\u00bb _builder_version=\u00bb4.4.3&#8243; open=\u00bboff\u00bb]<\/p>\n<p>Tres veces al a\u00f1o postearemos encuesta para el m\u00e9dico y el personal de oficina para que nos dejen saber su sentir y recomendaciones para mejorar cada d\u00eda nuestros procesos.<\/p>\n<p>[\/et_pb_accordion_item][\/et_pb_accordion][\/et_pb_column][\/et_pb_row][\/et_pb_section][et_pb_section fb_built=\u00bb1&#8243; _builder_version=\u00bb4.2.2&#8243; background_color=\u00bb#f1f5f7&#8243; background_enable_image=\u00bboff\u00bb background_size=\u00bbcontain\u00bb background_position=\u00bbcenter_left\u00bb custom_margin=\u00bb0px|0px|0px|0px\u00bb custom_padding=\u00bb0|0px|33px|0px|false|false\u00bb border_color_all=\u00bb#f1f5f7&#8243; border_width_bottom=\u00bb50px\u00bb][et_pb_row use_custom_gutter=\u00bbon\u00bb _builder_version=\u00bb3.25&#8243; use_background_color_gradient=\u00bbon\u00bb background_color_gradient_start=\u00bbrgba(49,128,192,0.2)\u00bb background_color_gradient_end=\u00bbrgba(49,128,192,0.6)\u00bb background_color_gradient_overlays_image=\u00bbon\u00bb background_image=\u00bbhttp:\/\/pamgpr.com\/wp-content\/uploads\/2019\/07\/doctor-01.jpg\u00bb width=\u00bb93%\u00bb max_width=\u00bb93%\u00bb module_alignment=\u00bbright\u00bb custom_margin=\u00bb|||\u00bb custom_margin_phone=\u00bb|||\u00bb custom_margin_last_edited=\u00bboff|desktop\u00bb custom_padding=\u00bb100px|40px|100px|40px|true|true\u00bb animation_style=\u00bbslide\u00bb animation_direction=\u00bbright\u00bb animation_intensity_slide=\u00bb5%\u00bb border_radii=\u00bb|30px|||30px\u00bb box_shadow_style=\u00bbpreset3&#8243; box_shadow_vertical=\u00bb30px\u00bb box_shadow_blur=\u00bb80px\u00bb box_shadow_spread=\u00bb-30px\u00bb box_shadow_color=\u00bbrgba(102,141,186,0.7)\u00bb use_custom_width=\u00bbon\u00bb width_unit=\u00bboff\u00bb custom_width_percent=\u00bb93%\u00bb][et_pb_column type=\u00bb4_4&#8243; _builder_version=\u00bb3.25&#8243; custom_padding=\u00bb|||\u00bb custom_padding__hover=\u00bb|||\u00bb][et_pb_text _builder_version=\u00bb4.2.2&#8243; header_font=\u00bb||||||||\u00bb header_2_font=\u00bbMontserrat|300|||||||\u00bb header_2_text_align=\u00bbcenter\u00bb header_2_text_color=\u00bb#ffffff\u00bb header_2_font_size=\u00bb55px\u00bb header_2_line_height=\u00bb1.4em\u00bb max_width=\u00bb900px\u00bb module_alignment=\u00bbcenter\u00bb header_2_font_size_tablet=\u00bb40px\u00bb header_2_font_size_phone=\u00bb30px\u00bb header_2_font_size_last_edited=\u00bbon|phone\u00bb]<\/p>\n<h2>INGRESAR<\/h2>\n<p>[\/et_pb_text][et_pb_code _builder_version=\u00bb4.2.2&#8243; background_color=\u00bb#ffffff\u00bb text_orientation=\u00bbcenter\u00bb width=\u00bb60%\u00bb module_alignment=\u00bbcenter\u00bb custom_padding=\u00bb10px|10%|10px|10%|true|true\u00bb custom_css_main_element=\u00bbborder-radius: 20px;\u00bb]<div class=\"erf-container\">\n    <div class=\"erf-login-container erf-label-top erf-style-rounded-corner erf-layout-one-column\" style=\"\">     \n        <div class=\"erf-message\"><\/div>\n\n                    <form action=\"\" method=\"post\" class=\"erf-login-form erf-form\">\n                <div class=\"fb-text form-group\">\n                    <label for=\"erf_username\" class=\"fb-text-label\">\n                        Correo electr\u00f3nico<span class=\"erf-required\">*<\/span>\n                    <\/label>\n\n                    <input required=\"\" placeholder=\"\" value=\"\" type=\"text\" class=\"form-control\" id=\"erf_username\" name=\"erf_username\">\n                <\/div>\n\n                <div class=\"fb-text form-group\">\n                    <label for=\"erf_password\" class=\"fb-text-label\">\n                        Contrase\u00f1a<span class=\"erf-required\">*<\/span>\n                    <\/label>\n\n                    <input placeholder=\"\" type=\"password\" value=\"\" required=\"\" class=\"form-control\" id=\"erf_password\" name=\"erf_password\">\n                <\/div>\n\n                <div class=\"fb-text form-group\">\n\n                    <label for=\"rememberme\" class=\"fb-text-label\">\n                        <input name=\"rememberme\"  type=\"checkbox\" id=\"erf_rememberme\" value=\"forever\">\n                        Recordar en este ordenador                    <\/label>\n                <\/div>\n\n\n                <input type=\"hidden\" name=\"action\" value=\"erf_login_user\"  \/>\n                <input type=\"hidden\" name=\"erf_login_nonce\" id=\"erf_login_nonce\" value=\"9f03aa233d\" \/>\n\n                <div class=\"erf-before-login-btn\">\n                                    <\/div>   \n\n                <div class=\"erf-external-form-elements\">\n                                    <\/div>   \n                <div class=\"erf-error\"><\/div>\n                <div class=\"erf-submit-button erf-clearfix\">    \n                    <div class=\"fb-button form-group\">\n                        <button type=\"submit\" class=\"btn btn-default\" style=\"default\">Ingresar<\/button>\n                    <\/div>\n                <\/div>\n                                    <div class=\"erf-account-switch\">\n                        <a class=\"erf-show-lost-password\"  href=\"javascript:void(0)\" title=\"Lost\/Forgot Password?\">\u00bfHas olvidado la contrase\u00f1a?<\/a>\n                    <\/div>\n                \n            <\/form>\n\n            <form id=\"erf_login_reload_form\" method=\"POST\">\n\n            <\/form>\n\n            <\/div>\n            <div class=\"erf-password-lost-container erf-layoutone-column erf-style-rounded-corner erf-label-top\"  style=\"display:none\">\n\n                    <h3>Forgot Your Password?<\/h3>\n                <p>\n                    Enter your email address                <\/p>\n                <form id=\"lostpasswordform\" class=\"erf-form erf-reset-password-form\" action=\"\" method=\"post\" onkeypress=\"return event.keyCode != 13;\">\n                    <div class=\"fb-text form-group\">\n                        <input type=\"email\" name=\"user_login\" class=\"form-control\" id=\"erf_user_login\">\n                    <\/div>\n                    <div class=\"erf-error\"><\/div>\n                    <div class=\"fb-text form-group\">\n                        <button type=\"button\" name=\"submit\" class=\"lostpassword-button erf-reset-password btn btn-default\">\n                            Reset Password                        <\/button>\n                    <\/div>\n                    <input type=\"hidden\" name=\"action\" value=\"erf_lost_password\" \/>\n                    <div class=\"erf-account-switch erf-clearfix\">\n                            <a class=\"erf-show-login\" href=\"javascript:void(0)\">Back to Login<\/a>\n                    <\/div>\n                <\/form>\n    <\/div>\n    \n    <div class=\"erf-otp-container erf-layoutone-column erf-style-rounded-corner erf-label-top\"  style=\"display:none\">\n        <div class=\"erf-message\"><\/div>\n        <h3>Forgot Your Password?<\/h3>\n        <p>Enter OTP<\/p>\n        <form id=\"otpform\" class=\"erf-form erf-otp-form\" action=\"\" method=\"post\" onkeypress=\"return event.keyCode != 13;\">\n            <div class=\"fb-text form-group\">\n                <input type=\"text\" name=\"user_otp\" class=\"form-control\" id=\"erf_user_otp\">\n            <\/div>\n            <div class=\"erf-error\"><\/div>\n            <div class=\"fb-text form-group\">\n                <button type=\"button\" name=\"submit\" class=\"otp-button erf-otp btn btn-default\">\n                    Submit                <\/button>\n            <\/div>\n            <input type=\"hidden\" name=\"action\" value=\"erf_otp\" \/>\n            <div class=\"erf-account-switch erf-clearfix\">\n                <a class=\"erf-show-login\" href=\"javascript:void(0)\">Back to Login<\/a>\n            <\/div>\n        <\/form>\n    <\/div>\n\n    <div class=\"erf-password-update-container erf-layoutone-column erf-style-rounded-corner erf-label-top\"  style=\"display:none\">\n        <h3>Forgot Your Password?<\/h3>        \n        <p>Enter a new password below<\/p>\n        <form id=\"updatepasswordform\" class=\"erf-form erf-update-password-form\" action=\"\" method=\"post\" onkeypress=\"return event.keyCode != 13;\">\n            <div class=\"fb-text form-group\">\n                <label for=\"user_password\" class=\"fb-text-label\">New Password<\/label>\n                <input type=\"password\" name=\"user_password\" class=\"form-control\" id=\"erf_user_password\">\n            <\/div>\n            <div class=\"fb-text form-group\">\n                <label for=\"user_cpassword\" class=\"fb-text-label\">Re-enter New Password<\/label>\n                <input type=\"password\" name=\"user_cpassword\" class=\"form-control\" id=\"erf_user_cpassword\">\n            <\/div>\n            <div class=\"erf-error\"><\/div>\n            <div class=\"fb-text form-group\">\n                <button type=\"button\" name=\"submit\" class=\"updatepassword-button erf-update-password btn btn-default\">\n                    Update Password                <\/button>\n            <\/div>\n            <input type=\"hidden\" name=\"action\" value=\"erf_update_password\" \/>\n            <div class=\"erf-account-switch erf-clearfix\">\n                <a class=\"erf-show-login\" href=\"javascript:void(0)\">Back to Login<\/a>\n            <\/div>\n        <\/form>\n    <\/div>\n<\/div>    \n[\/et_pb_code][\/et_pb_column][\/et_pb_row][\/et_pb_section]<\/p>\n","protected":false},"excerpt":{"rendered":"<p>Ponce Advance Medical Group cuenta con m\u00e1s de 80 m\u00e9dicos primarios en nuestras l\u00edneas de negocio del Plan de Gobierno y Medicare Advantage.\u00a0\u00a0 El objetivo de PAMG es lograr que nuestra plantilla m\u00e9dica cuente con todas las herramientas necesarias para cumplir con todos los requerimientos y regulaciones de ASES y CMS.\u00a0 Nuestro equipo de trabajo [&hellip;]<\/p>\n","protected":false},"author":1,"featured_media":0,"parent":0,"menu_order":0,"comment_status":"closed","ping_status":"closed","template":"","meta":{"_et_pb_use_builder":"on","_et_pb_old_content":"","_et_gb_content_width":""},"_links":{"self":[{"href":"http:\/\/pamgpr.com\/index.php\/wp-json\/wp\/v2\/pages\/723"}],"collection":[{"href":"http:\/\/pamgpr.com\/index.php\/wp-json\/wp\/v2\/pages"}],"about":[{"href":"http:\/\/pamgpr.com\/index.php\/wp-json\/wp\/v2\/types\/page"}],"author":[{"embeddable":true,"href":"http:\/\/pamgpr.com\/index.php\/wp-json\/wp\/v2\/users\/1"}],"replies":[{"embeddable":true,"href":"http:\/\/pamgpr.com\/index.php\/wp-json\/wp\/v2\/comments?post=723"}],"version-history":[{"count":25,"href":"http:\/\/pamgpr.com\/index.php\/wp-json\/wp\/v2\/pages\/723\/revisions"}],"predecessor-version":[{"id":1848,"href":"http:\/\/pamgpr.com\/index.php\/wp-json\/wp\/v2\/pages\/723\/revisions\/1848"}],"wp:attachment":[{"href":"http:\/\/pamgpr.com\/index.php\/wp-json\/wp\/v2\/media?parent=723"}],"curies":[{"name":"wp","href":"https:\/\/api.w.org\/{rel}","templated":true}]}}